{"id":12,"date":"2020-09-20T12:47:39","date_gmt":"2020-09-20T10:47:39","guid":{"rendered":"http:\/\/awako.fr\/?page_id=12"},"modified":"2020-09-21T14:35:34","modified_gmt":"2020-09-21T12:35:34","slug":"strategie-dentreprise-et-organisation","status":"publish","type":"page","link":"https:\/\/awako.fr\/","title":{"rendered":"Strat\u00e9gie d&#8217;entreprise et Organisation"},"content":{"rendered":"\n<figure class=\"wp-block-image size-large is-resized\"><img loading=\"lazy\" src=\"http:\/\/awako.fr\/wp-content\/uploads\/2020\/09\/IBM-RAptors-1024x682.jpg\" alt=\"\" class=\"wp-image-16\" width=\"698\" height=\"464\" srcset=\"https:\/\/awako.fr\/wp-content\/uploads\/2020\/09\/IBM-RAptors-1024x682.jpg 1024w, https:\/\/awako.fr\/wp-content\/uploads\/2020\/09\/IBM-RAptors-300x200.jpg 300w, https:\/\/awako.fr\/wp-content\/uploads\/2020\/09\/IBM-RAptors-768x512.jpg 768w, https:\/\/awako.fr\/wp-content\/uploads\/2020\/09\/IBM-RAptors-1536x1023.jpg 1536w, https:\/\/awako.fr\/wp-content\/uploads\/2020\/09\/IBM-RAptors-2048x1364.jpg 2048w, https:\/\/awako.fr\/wp-content\/uploads\/2020\/09\/IBM-RAptors-1568x1044.jpg 1568w\" sizes=\"(max-width: 698px) 100vw, 698px\" \/><\/figure>\n\n\n\n<p class=\"has-text-align-center\">D\u00e9finir et formaliser la strat\u00e9gie de son entreprise est un<strong>&nbsp;formidable outil pour mobiliser et motiver<\/strong>&nbsp;autour de son projet entrepreneurial. Mener cette r\u00e9flexion est \u00e9galement une opportunit\u00e9 de&nbsp;<strong>prendre du recul et de se poser les questions pertinentes<\/strong>&nbsp;sur l\u2019\u00e9volution de son secteur d\u2019activit\u00e9, de ses concurrents, de ses clients\u2026 L\u2019objectif \u00e9tant d\u2019<strong>anticiper les \u00e9volutions au lieu de les subir<\/strong>.<br>Le volet organisation est \u00e9galement&nbsp;<strong>important<\/strong>, c\u2019est la capacit\u00e9 de l\u2019entreprise \u00e0 d\u00e9finir et mettre en place les processus qui vont permettre de rendre le service vendu aux clients avec le&nbsp;<strong>maximum de qualit\u00e9<\/strong>&nbsp;et le&nbsp;<strong>minimum d\u2019effort<\/strong>. La transformation digitale permet de plus en plus d\u2019automatiser les t\u00e2ches r\u00e9p\u00e9titives et sans valeur ajout\u00e9e<\/p>\n\n\n\n<p>CE QUE NOUS FAISONS<\/p>\n\n\n\n<h2 class=\"has-text-align-center\">COACHING MANAGERIAL<br>AUDIT ORGANISATIONNEL<br>ELABORATION DE BUISNESS PLAN<\/h2>\n\n\n\n<p>NOUS OFFRONS DES SERVICES SP\u00c9CIFIQUES ET AX\u00c9S SUR L&#8217;ACTION<br>QUI TIRENT PARTI DE NOTRE EXP\u00c9RIENCE DE PLUS DE 25 ANS DANS L&#8217;INDUSTRIE ET DE NOS RELATIONS DE CONFIANCE.<\/p>\n","protected":false},"excerpt":{"rendered":"<p>D\u00e9finir et formaliser la strat\u00e9gie de son entreprise est un&nbsp;formidable outil pour mobiliser et motiver&nbsp;autour de son projet entrepreneurial. Mener cette r\u00e9flexion est \u00e9galement une opportunit\u00e9 de&nbsp;prendre du recul et de se poser les questions pertinentes&nbsp;sur l\u2019\u00e9volution de son secteur d\u2019activit\u00e9, de ses concurrents, de ses clients\u2026 L\u2019objectif \u00e9tant d\u2019anticiper les \u00e9volutions au lieu de [&hellip;]<\/p>\n","protected":false},"author":1,"featured_media":0,"parent":0,"menu_order":0,"comment_status":"closed","ping_status":"closed","template":"","meta":[],"_links":{"self":[{"href":"https:\/\/awako.fr\/index.php?rest_route=\/wp\/v2\/pages\/12"}],"collection":[{"href":"https:\/\/awako.fr\/index.php?rest_route=\/wp\/v2\/pages"}],"about":[{"href":"https:\/\/awako.fr\/index.php?rest_route=\/wp\/v2\/types\/page"}],"author":[{"embeddable":true,"href":"https:\/\/awako.fr\/index.php?rest_route=\/wp\/v2\/users\/1"}],"replies":[{"embeddable":true,"href":"https:\/\/awako.fr\/index.php?rest_route=%2Fwp%2Fv2%2Fcomments&post=12"}],"version-history":[{"count":7,"href":"https:\/\/awako.fr\/index.php?rest_route=\/wp\/v2\/pages\/12\/revisions"}],"predecessor-version":[{"id":38,"href":"https:\/\/awako.fr\/index.php?rest_route=\/wp\/v2\/pages\/12\/revisions\/38"}],"wp:attachment":[{"href":"https:\/\/awako.fr\/index.php?rest_route=%2Fwp%2Fv2%2Fmedia&parent=12"}],"curies":[{"name":"wp","href":"https:\/\/api.w.org\/{rel}","templated":true}]}}