{"id":22,"date":"2020-09-21T13:30:12","date_gmt":"2020-09-21T11:30:12","guid":{"rendered":"http:\/\/awako.fr\/?page_id=22"},"modified":"2020-09-21T13:55:01","modified_gmt":"2020-09-21T11:55:01","slug":"a-propos","status":"publish","type":"page","link":"https:\/\/awako.fr\/?page_id=22","title":{"rendered":"A Propos"},"content":{"rendered":"\n<p>AWAKO est une soci\u00e9t\u00e9 fran\u00e7aise, enti\u00e8rement concentr\u00e9 sur le conseil en entreprise, que ce soit pour l&#8217;accompagnement de jeunes pousses ou soci\u00e9t\u00e9s souhaitant r\u00e9fl\u00e9chir \u00e0 son organisation et son positionnement march\u00e9. <\/p>\n\n\n\n<p>Nous avons constitu\u00e9 une \u00e9quipe exp\u00e9riment\u00e9e de chefs de produits, d&#8217;ing\u00e9nieurs, de concepteurs, de d\u00e9veloppeurs et de testeurs qui sont passionn\u00e9s par la fourniture de produits et de solutions personnalis\u00e9es pour r\u00e9pondre \u00e0 un vrai besoin et ax\u00e9s sur la valeur. Laurent Molac, fondateur de AWAKO, b\u00e9n\u00e9ficie de plus de 20 ans d&#8217;exp\u00e9rience dans l&#8217;industrie de l&#8217;\u00e9lectronique grand public et professionnel pour la conception, le d\u00e9veloppement et la commercialisation de dispositifs pour les services de t\u00e9l\u00e9vision, ainsi que de l&#8217;exp\u00e9rience de cr\u00e9ation et direction d&#8217;entreprises technologiques divers \u00e0 envergure internationale. <\/p>\n\n\n\n<p>Conduire les \u00e9quipes \u00e0 exceller dans la livraison d&#8217;un \u00e9quipement \u00e9lectronique grand public parfait qui sera bient\u00f4t install\u00e9 dans le salon ou la chambre de l&#8217;utilisateur final avec l&#8217;interface la plus conviviale qui r\u00e9pondra aux attentes de tous les membres de la famille et stimulera les op\u00e9rateurs, ou d\u00e9finir et d\u00e9velopper le poste de commande d&#8217;un op\u00e9rateur de l&#8217;industrie, est une exp\u00e9rience riche de multiples enseignements. Dans un environnement hautement exigeant et comp\u00e9titif, aucun compromis n&#8217;\u00e9tait possible entre une conception mat\u00e9rielle d\u00e9sirable et une solution logicielle intuitive.<\/p>\n","protected":false},"excerpt":{"rendered":"<p>AWAKO est une soci\u00e9t\u00e9 fran\u00e7aise, enti\u00e8rement concentr\u00e9 sur le conseil en entreprise, que ce soit pour l&#8217;accompagnement de jeunes pousses ou soci\u00e9t\u00e9s souhaitant r\u00e9fl\u00e9chir \u00e0 son organisation et son positionnement march\u00e9. Nous avons constitu\u00e9 une \u00e9quipe exp\u00e9riment\u00e9e de chefs de produits, d&#8217;ing\u00e9nieurs, de concepteurs, de d\u00e9veloppeurs et de testeurs qui sont passionn\u00e9s par la fourniture [&hellip;]<\/p>\n","protected":false},"author":1,"featured_media":0,"parent":0,"menu_order":0,"comment_status":"closed","ping_status":"closed","template":"","meta":[],"_links":{"self":[{"href":"https:\/\/awako.fr\/index.php?rest_route=\/wp\/v2\/pages\/22"}],"collection":[{"href":"https:\/\/awako.fr\/index.php?rest_route=\/wp\/v2\/pages"}],"about":[{"href":"https:\/\/awako.fr\/index.php?rest_route=\/wp\/v2\/types\/page"}],"author":[{"embeddable":true,"href":"https:\/\/awako.fr\/index.php?rest_route=\/wp\/v2\/users\/1"}],"replies":[{"embeddable":true,"href":"https:\/\/awako.fr\/index.php?rest_route=%2Fwp%2Fv2%2Fcomments&post=22"}],"version-history":[{"count":3,"href":"https:\/\/awako.fr\/index.php?rest_route=\/wp\/v2\/pages\/22\/revisions"}],"predecessor-version":[{"id":35,"href":"https:\/\/awako.fr\/index.php?rest_route=\/wp\/v2\/pages\/22\/revisions\/35"}],"wp:attachment":[{"href":"https:\/\/awako.fr\/index.php?rest_route=%2Fwp%2Fv2%2Fmedia&parent=22"}],"curies":[{"name":"wp","href":"https:\/\/api.w.org\/{rel}","templated":true}]}}