{"id":26,"date":"2020-09-21T13:45:19","date_gmt":"2020-09-21T11:45:19","guid":{"rendered":"http:\/\/awako.fr\/?page_id=26"},"modified":"2020-09-21T14:33:53","modified_gmt":"2020-09-21T12:33:53","slug":"strategie-produit","status":"publish","type":"page","link":"https:\/\/awako.fr\/?page_id=26","title":{"rendered":"Strat\u00e9gie Produit"},"content":{"rendered":"\n<figure class=\"wp-block-image size-large is-resized\"><img loading=\"lazy\" src=\"http:\/\/awako.fr\/wp-content\/uploads\/2020\/09\/industry-2630319__340-1-3.jpg\" alt=\"\" class=\"wp-image-32\" width=\"766\" height=\"543\" srcset=\"https:\/\/awako.fr\/wp-content\/uploads\/2020\/09\/industry-2630319__340-1-3.jpg 480w, https:\/\/awako.fr\/wp-content\/uploads\/2020\/09\/industry-2630319__340-1-3-300x213.jpg 300w\" sizes=\"(max-width: 766px) 100vw, 766px\" \/><\/figure>\n\n\n\n<p class=\"has-text-align-center\">D\u00e9finir et formaliser la strat\u00e9gie Produit de son entreprise est un pr\u00e9requis indispensable \u00e0 tout projet d&#8217;entreprise, que ce soit en phase de d\u00e9marrage ou en cours d&#8217;existence. Mener cette r\u00e9flexion est \u00e9galement une opportunit\u00e9 de&nbsp;<strong>prendre du recul et de se poser les questions pertinentes<\/strong>&nbsp;sur l\u2019\u00e9volution de son secteur d\u2019activit\u00e9, de ses concurrents, de ses clients\u2026 L\u2019objectif \u00e9tant d\u2019<strong>anticiper les \u00e9volutions au lieu de les subir<\/strong>.<br>Le volet organisation est \u00e9galement&nbsp;<strong>important<\/strong>, c\u2019est la capacit\u00e9 de l\u2019entreprise \u00e0 d\u00e9finir et mettre en place les processus qui vont permettre de rendre le service vendu aux clients avec le&nbsp;<strong>maximum de qualit\u00e9<\/strong>&nbsp;et le&nbsp;<strong>minimum d\u2019effort<\/strong>. La transformation digitale permet de plus en plus d\u2019automatiser les t\u00e2ches r\u00e9p\u00e9titives et sans valeur ajout\u00e9e<\/p>\n\n\n\n<p>CE QUE NOUS FAISONS<\/p>\n\n\n\n<h2 class=\"has-text-align-center\">LICENCES DE PROPRI\u00c9T\u00c9 INTELLECTUELLE ET N\u00c9GOCIATIONS DE CONTRAT<br>STRAT\u00c9GIES DE MISE SUR LE MARCH\u00c9 ET TRANSFORMATION DES VENTES<br>PARTENARIATS EN TANT QUE SERVICE<\/h2>\n\n\n\n<p>NOUS OFFRONS DES SERVICES SP\u00c9CIFIQUES ET AX\u00c9S SUR L\u2019ACTION<br>QUI TIRENT PARTI DE NOTRE EXP\u00c9RIENCE DE PLUS DE 25 ANS DANS L\u2019INDUSTRIE ET DE NOS RELATIONS DE CONFIANCE.<\/p>\n","protected":false},"excerpt":{"rendered":"<p>D\u00e9finir et formaliser la strat\u00e9gie Produit de son entreprise est un pr\u00e9requis indispensable \u00e0 tout projet d&#8217;entreprise, que ce soit en phase de d\u00e9marrage ou en cours d&#8217;existence. Mener cette r\u00e9flexion est \u00e9galement une opportunit\u00e9 de&nbsp;prendre du recul et de se poser les questions pertinentes&nbsp;sur l\u2019\u00e9volution de son secteur d\u2019activit\u00e9, de ses concurrents, de ses [&hellip;]<\/p>\n","protected":false},"author":1,"featured_media":0,"parent":0,"menu_order":0,"comment_status":"closed","ping_status":"closed","template":"","meta":[],"_links":{"self":[{"href":"https:\/\/awako.fr\/index.php?rest_route=\/wp\/v2\/pages\/26"}],"collection":[{"href":"https:\/\/awako.fr\/index.php?rest_route=\/wp\/v2\/pages"}],"about":[{"href":"https:\/\/awako.fr\/index.php?rest_route=\/wp\/v2\/types\/page"}],"author":[{"embeddable":true,"href":"https:\/\/awako.fr\/index.php?rest_route=\/wp\/v2\/users\/1"}],"replies":[{"embeddable":true,"href":"https:\/\/awako.fr\/index.php?rest_route=%2Fwp%2Fv2%2Fcomments&post=26"}],"version-history":[{"count":6,"href":"https:\/\/awako.fr\/index.php?rest_route=\/wp\/v2\/pages\/26\/revisions"}],"predecessor-version":[{"id":36,"href":"https:\/\/awako.fr\/index.php?rest_route=\/wp\/v2\/pages\/26\/revisions\/36"}],"wp:attachment":[{"href":"https:\/\/awako.fr\/index.php?rest_route=%2Fwp%2Fv2%2Fmedia&parent=26"}],"curies":[{"name":"wp","href":"https:\/\/api.w.org\/{rel}","templated":true}]}}